{"id":27,"date":"2018-09-29T16:22:53","date_gmt":"2018-09-29T19:22:53","guid":{"rendered":"http:\/\/advogadosmc.com.br\/?page_id=27"},"modified":"2022-04-01T12:26:10","modified_gmt":"2022-04-01T15:26:10","slug":"sobre-informacoes-experiencia-escritorio-socio","status":"publish","type":"page","link":"https:\/\/advogadosmc.com.br\/?page_id=27","title":{"rendered":"O Escrit\u00f3rio"},"content":{"rendered":"<p><strong><a href=\"http:\/\/advogadosmc.com.br\/?page_id=30\">Localizado<\/a> <\/strong>em setor privilegiado no cora\u00e7\u00e3o de Curitiba, com Estrutura e credibilidade para atendimento com qualidade, seguran\u00e7a, sigilo e&nbsp; responsabilidade.<\/p>\n<p>Sob o comando do<strong> Advogado Vitor Bruno Marques da Costa<\/strong>, inscrito na OAB\/PR n\u00ba 94.762, Membro Efetivo da Comiss\u00e3o de Defesa das Prerrogativas Profissionais e da Comiss\u00e3o de Gest\u00e3o e Empreendedorismo do Tri\u00eanio 2022 a 2024 da OAB\/PR, Advogado Dativo na OAB\/PR desde 2018, coordenador do evento <a href=\"http:\/\/advogadosmc.com.br\/?p=222\">Panorama Jur\u00eddico<\/a>,&nbsp; com experi\u00eancia como rela\u00e7\u00f5es institucionais no Preparat\u00f3rio para Ordem dos Advogados do Brasil e Concursos Jur\u00eddicos <a href=\"https:\/\/www.juridicotv.com\/\">Curso Jur\u00eddico.com<\/a>, pesquisador cient\u00edfico com <a href=\"http:\/\/advogadosmc.com.br\/?p=159\">artigos publicados<\/a> em anais jur\u00eddicos, possui constante conviv\u00eancia com parceiros no magist\u00e9rio e na advocacia.&nbsp;<\/p>\n<p>Em tempos de estudo adquiriu <strong>experi\u00eancia<\/strong> na Advocacia Geral da Uni\u00e3o (Procuradoria da Uni\u00e3o no Estado do PR), em empresa multinacional privada de sociedade an\u00f4nima, al\u00e9m de grandes escrit\u00f3rios como Nelson Wilians, K\u00fcster Machado, Gen\u00e9sio Finger e Regina Facca.<\/p>\n<p>Marques da Costa Advogados tem forte apelo para <strong>pesquisas acad\u00eamicas<\/strong> que agregam valor a sociedade, al\u00e9m de fortalecer teses jur\u00eddicas de seus clientes por meio de estudos jurisprudenciais e doutrinas atualizadas.<\/p>\n<p>O escrit\u00f3rio realiza <strong>consulta e assessoria jur\u00eddica<\/strong> com com ampla parceria e amparo de profissionais qualificados, atende demandas extra e judiciais, com seguridade e ilibidez. Tamb\u00e9m realizada dilig\u00eancias completas com audi\u00eancias de concilia\u00e7\u00e3o, instru\u00e7\u00e3o e julgamento, sustenta\u00e7\u00e3o oral, despacho, acompanhamento e depoimento em delegacias, c\u00f3pias, protocolo, <em>in loco<\/em> e mais.<\/p>\n<p>Seu <strong>s\u00f3cio individual<\/strong> Dr. Vitor Bruno, \u00e9 P\u00f3s-Graduando pela FAE em &#8220;Compliance e Governan\u00e7a Jur\u00eddica&#8221;, P\u00f3s-Graduando em &#8220;Direito Penal (Criminal)&#8221; pela ESA (Escola Superior de Advocacia), P\u00f3s-Graduando em Direito M\u00e9dico pela Faculdade Descomplica e P\u00f3s-Graduando em Doc\u00eancia Jur\u00eddica pela Unialphaville. Graduado em 2018 pela Universidade Tuiuti do Paran\u00e1 com o Tema de Monografia &#8220;Instituto de Resolu\u00e7\u00e3o de Demandas Repetitivas&#8221;, de acordo com o novo c\u00f3digo de processo civil, obtendo excel\u00eancia com nota 9,5.&nbsp;<\/p>\n<p>Realizou apresenta\u00e7\u00e3o de <strong>Comunicados e Artigos cient\u00edficos<\/strong> em grandes congressos sendo eles: &#8220;Os Limites do Tribunal Mar\u00edtimo Frente ao C\u00f3digo de Processo Civil&nbsp;de 2015 (2014 \u2013 2016) no XII Simp\u00f3sio Nacional de Direito Constitucional da ABDConst &#8211; Academia Brasileira de Direito Constitucional, &#8220;Cess\u00e3o de Cr\u00e9ditos Trabalhistas e o Processo&nbsp;Falimentar&#8221; (2016 \u2013 2017) no XX Semin\u00e1rio de Pesquisa e XV Semin\u00e1rio de Inicia\u00e7\u00e3o Cient\u00edfica da UTP &#8211; Universidade Tuiuti do Paran\u00e1, &#8220;Compliance Eleitoral e a Lei Anticorrup\u00e7\u00e3o: a Relev\u00e2ncia do Programa de&nbsp;Integridade para Partidos Pol\u00edticos e Seus Agentes&#8221; (2018) no VI Congresso Brasileiro de Direito Eleitoral do IPRADE &#8211; Instituto Brasileiro de Direito Eleitoral.<\/p>\n<p>Durante o per\u00edodo de <strong>disc\u00eancia foi monitor<\/strong> nas disciplinas Direito Empresarial &#8211; Teoria Geral do Contrato (2016, orientado pelo Prof. Dr. Antonio Augusto Porto) e na Disciplina A\u00e7\u00f5es Constitucionais de Garantia (2017, orientado pelo Prof. Dr. Elton Venturi).<\/p>\n<p><strong>Coordenou<\/strong> o evento &#8220;Panorama Jur\u00eddico&#8221; em 2017 com realiza\u00e7\u00e3o e apoio do TJPR &#8211; Tribunal de Justi\u00e7a do Paran\u00e1, a ESEJE &#8211; Escola de&nbsp;Servidores do TJPR, JJ &#8211; Curso Jur\u00eddico, UTP -Universidade Tuiuti do Paran\u00e1 e a ABDConst &#8211; Academia Brasileira de Direito Constitucional.<\/p>\n<p>&nbsp;<\/p>\nngg_shortcode_0_placeholder\n","protected":false},"excerpt":{"rendered":"<p>Localizado em setor privilegiado no cora\u00e7\u00e3o de Curitiba, com Estrutura e credibilidade para atendimento com qualidade, seguran\u00e7a, sigilo e&nbsp; responsabilidade. Sob o comando do Advogado Vitor Bruno Marques da Costa, inscrito na OAB\/PR n\u00ba 94.762, Membro Efetivo da Comiss\u00e3o de Defesa das Prerrogativas Profissionais e da Comiss\u00e3o de Gest\u00e3o e Empreendedorismo do Tri\u00eanio 2022 a<\/p><\/div>\n<div class=\"blog-btn\"><a href=\"https:\/\/advogadosmc.com.br\/?page_id=27\" class=\"home-blog-btn\">Ler mais<\/a><\/p>\n","protected":false},"author":1,"featured_media":0,"parent":0,"menu_order":0,"comment_status":"closed","ping_status":"closed","template":"template\/template-about.php","meta":{"ngg_post_thumbnail":0,"footnotes":""},"class_list":["post-27","page","type-page","status-publish","hentry"],"yoast_head":"<!-- This site is optimized with the Yoast SEO plugin v27.5 - https:\/\/yoast.com\/product\/yoast-seo-wordpress\/ -->\n<title>O Escrit\u00f3rio - Marques da Costa Advogados Curitiba Informa\u00e7\u00e3o Advogado Sobre o Escrit\u00f3rio e seu S\u00f3cio<\/title>\n<meta name=\"description\" content=\"Advogados MC Consultoria Jur\u00eddica de Vitor Bruno Marques da Costa de Curitiba, OAB\/PR 94.762, informa\u00e7\u00f5es e detalhes sobre o advogado.\" \/>\n<meta name=\"robots\" content=\"index, follow, max-snippet:-1, max-image-preview:large, max-video-preview:-1\" \/>\n<link rel=\"canonical\" href=\"https:\/\/advogadosmc.com.br\/?page_id=27\" \/>\n<meta property=\"og:locale\" content=\"pt_BR\" \/>\n<meta property=\"og:type\" content=\"article\" \/>\n<meta property=\"og:title\" content=\"O Escrit\u00f3rio - Marques da Costa Advogados Curitiba Informa\u00e7\u00e3o Advogado Sobre o Escrit\u00f3rio e seu S\u00f3cio\" \/>\n<meta property=\"og:description\" content=\"Advogados MC Consultoria Jur\u00eddica de Vitor Bruno Marques da Costa de Curitiba, OAB\/PR 94.762, informa\u00e7\u00f5es e detalhes sobre o advogado.\" \/>\n<meta property=\"og:url\" content=\"https:\/\/advogadosmc.com.br\/?page_id=27\" \/>\n<meta property=\"og:site_name\" content=\"Marques da Costa Advogados\" \/>\n<meta property=\"article:modified_time\" content=\"2022-04-01T15:26:10+00:00\" \/>\n<meta name=\"twitter:card\" content=\"summary_large_image\" \/>\n<meta name=\"twitter:label1\" content=\"Est. tempo de leitura\" \/>\n\t<meta name=\"twitter:data1\" content=\"3 minutos\" \/>\n<script type=\"application\/ld+json\" class=\"yoast-schema-graph\">{\"@context\":\"https:\\\/\\\/schema.org\",\"@graph\":[{\"@type\":\"WebPage\",\"@id\":\"https:\\\/\\\/advogadosmc.com.br\\\/?page_id=27\",\"url\":\"https:\\\/\\\/advogadosmc.com.br\\\/?page_id=27\",\"name\":\"O Escrit\u00f3rio - Marques da Costa Advogados Curitiba Informa\u00e7\u00e3o Advogado Sobre o Escrit\u00f3rio e seu S\u00f3cio\",\"isPartOf\":{\"@id\":\"https:\\\/\\\/advogadosmc.com.br\\\/#website\"},\"datePublished\":\"2018-09-29T19:22:53+00:00\",\"dateModified\":\"2022-04-01T15:26:10+00:00\",\"description\":\"Advogados MC Consultoria Jur\u00eddica de Vitor Bruno Marques da Costa de Curitiba, OAB\\\/PR 94.762, informa\u00e7\u00f5es e detalhes sobre o advogado.\",\"breadcrumb\":{\"@id\":\"https:\\\/\\\/advogadosmc.com.br\\\/?page_id=27#breadcrumb\"},\"inLanguage\":\"pt-BR\",\"potentialAction\":[{\"@type\":\"ReadAction\",\"target\":[\"https:\\\/\\\/advogadosmc.com.br\\\/?page_id=27\"]}]},{\"@type\":\"BreadcrumbList\",\"@id\":\"https:\\\/\\\/advogadosmc.com.br\\\/?page_id=27#breadcrumb\",\"itemListElement\":[{\"@type\":\"ListItem\",\"position\":1,\"name\":\"In\u00edcio\",\"item\":\"https:\\\/\\\/advogadosmc.com.br\\\/\"},{\"@type\":\"ListItem\",\"position\":2,\"name\":\"O Escrit\u00f3rio\"}]},{\"@type\":\"WebSite\",\"@id\":\"https:\\\/\\\/advogadosmc.com.br\\\/#website\",\"url\":\"https:\\\/\\\/advogadosmc.com.br\\\/\",\"name\":\"Marques da Costa Advogados\",\"description\":\"(41) 99623-3229 | 4042-1448 | atendimento@advogadosmc.com.br\",\"publisher\":{\"@id\":\"https:\\\/\\\/advogadosmc.com.br\\\/#\\\/schema\\\/person\\\/fd85bb7cc9e2a96647c1c05c33f00169\"},\"potentialAction\":[{\"@type\":\"SearchAction\",\"target\":{\"@type\":\"EntryPoint\",\"urlTemplate\":\"https:\\\/\\\/advogadosmc.com.br\\\/?s={search_term_string}\"},\"query-input\":{\"@type\":\"PropertyValueSpecification\",\"valueRequired\":true,\"valueName\":\"search_term_string\"}}],\"inLanguage\":\"pt-BR\"},{\"@type\":[\"Person\",\"Organization\"],\"@id\":\"https:\\\/\\\/advogadosmc.com.br\\\/#\\\/schema\\\/person\\\/fd85bb7cc9e2a96647c1c05c33f00169\",\"name\":\"mc\",\"image\":{\"@type\":\"ImageObject\",\"inLanguage\":\"pt-BR\",\"@id\":\"http:\\\/\\\/advogadosmc.com.br\\\/wp-content\\\/uploads\\\/2018\\\/10\\\/Logo-03-1024x655.png\",\"url\":\"http:\\\/\\\/advogadosmc.com.br\\\/wp-content\\\/uploads\\\/2018\\\/10\\\/Logo-03-1024x655.png\",\"contentUrl\":\"http:\\\/\\\/advogadosmc.com.br\\\/wp-content\\\/uploads\\\/2018\\\/10\\\/Logo-03-1024x655.png\",\"width\":1024,\"height\":655,\"caption\":\"mc\"},\"logo\":{\"@id\":\"http:\\\/\\\/advogadosmc.com.br\\\/wp-content\\\/uploads\\\/2018\\\/10\\\/Logo-03-1024x655.png\"}}]}<\/script>\n<!-- \/ Yoast SEO plugin. -->","yoast_head_json":{"title":"O Escrit\u00f3rio - Marques da Costa Advogados Curitiba Informa\u00e7\u00e3o Advogado Sobre o Escrit\u00f3rio e seu S\u00f3cio","description":"Advogados MC Consultoria Jur\u00eddica de Vitor Bruno Marques da Costa de Curitiba, OAB\/PR 94.762, informa\u00e7\u00f5es e detalhes sobre o advogado.","robots":{"index":"index","follow":"follow","max-snippet":"max-snippet:-1","max-image-preview":"max-image-preview:large","max-video-preview":"max-video-preview:-1"},"canonical":"https:\/\/advogadosmc.com.br\/?page_id=27","og_locale":"pt_BR","og_type":"article","og_title":"O Escrit\u00f3rio - Marques da Costa Advogados Curitiba Informa\u00e7\u00e3o Advogado Sobre o Escrit\u00f3rio e seu S\u00f3cio","og_description":"Advogados MC Consultoria Jur\u00eddica de Vitor Bruno Marques da Costa de Curitiba, OAB\/PR 94.762, informa\u00e7\u00f5es e detalhes sobre o advogado.","og_url":"https:\/\/advogadosmc.com.br\/?page_id=27","og_site_name":"Marques da Costa Advogados","article_modified_time":"2022-04-01T15:26:10+00:00","twitter_card":"summary_large_image","twitter_misc":{"Est. tempo de leitura":"3 minutos"},"schema":{"@context":"https:\/\/schema.org","@graph":[{"@type":"WebPage","@id":"https:\/\/advogadosmc.com.br\/?page_id=27","url":"https:\/\/advogadosmc.com.br\/?page_id=27","name":"O Escrit\u00f3rio - Marques da Costa Advogados Curitiba Informa\u00e7\u00e3o Advogado Sobre o Escrit\u00f3rio e seu S\u00f3cio","isPartOf":{"@id":"https:\/\/advogadosmc.com.br\/#website"},"datePublished":"2018-09-29T19:22:53+00:00","dateModified":"2022-04-01T15:26:10+00:00","description":"Advogados MC Consultoria Jur\u00eddica de Vitor Bruno Marques da Costa de Curitiba, OAB\/PR 94.762, informa\u00e7\u00f5es e detalhes sobre o advogado.","breadcrumb":{"@id":"https:\/\/advogadosmc.com.br\/?page_id=27#breadcrumb"},"inLanguage":"pt-BR","potentialAction":[{"@type":"ReadAction","target":["https:\/\/advogadosmc.com.br\/?page_id=27"]}]},{"@type":"BreadcrumbList","@id":"https:\/\/advogadosmc.com.br\/?page_id=27#breadcrumb","itemListElement":[{"@type":"ListItem","position":1,"name":"In\u00edcio","item":"https:\/\/advogadosmc.com.br\/"},{"@type":"ListItem","position":2,"name":"O Escrit\u00f3rio"}]},{"@type":"WebSite","@id":"https:\/\/advogadosmc.com.br\/#website","url":"https:\/\/advogadosmc.com.br\/","name":"Marques da Costa Advogados","description":"(41) 99623-3229 | 4042-1448 | atendimento@advogadosmc.com.br","publisher":{"@id":"https:\/\/advogadosmc.com.br\/#\/schema\/person\/fd85bb7cc9e2a96647c1c05c33f00169"},"potentialAction":[{"@type":"SearchAction","target":{"@type":"EntryPoint","urlTemplate":"https:\/\/advogadosmc.com.br\/?s={search_term_string}"},"query-input":{"@type":"PropertyValueSpecification","valueRequired":true,"valueName":"search_term_string"}}],"inLanguage":"pt-BR"},{"@type":["Person","Organization"],"@id":"https:\/\/advogadosmc.com.br\/#\/schema\/person\/fd85bb7cc9e2a96647c1c05c33f00169","name":"mc","image":{"@type":"ImageObject","inLanguage":"pt-BR","@id":"http:\/\/advogadosmc.com.br\/wp-content\/uploads\/2018\/10\/Logo-03-1024x655.png","url":"http:\/\/advogadosmc.com.br\/wp-content\/uploads\/2018\/10\/Logo-03-1024x655.png","contentUrl":"http:\/\/advogadosmc.com.br\/wp-content\/uploads\/2018\/10\/Logo-03-1024x655.png","width":1024,"height":655,"caption":"mc"},"logo":{"@id":"http:\/\/advogadosmc.com.br\/wp-content\/uploads\/2018\/10\/Logo-03-1024x655.png"}}]}},"jetpack_sharing_enabled":true,"jetpack_likes_enabled":true,"_links":{"self":[{"href":"https:\/\/advogadosmc.com.br\/index.php?rest_route=\/wp\/v2\/pages\/27","targetHints":{"allow":["GET"]}}],"collection":[{"href":"https:\/\/advogadosmc.com.br\/index.php?rest_route=\/wp\/v2\/pages"}],"about":[{"href":"https:\/\/advogadosmc.com.br\/index.php?rest_route=\/wp\/v2\/types\/page"}],"author":[{"embeddable":true,"href":"https:\/\/advogadosmc.com.br\/index.php?rest_route=\/wp\/v2\/users\/1"}],"replies":[{"embeddable":true,"href":"https:\/\/advogadosmc.com.br\/index.php?rest_route=%2Fwp%2Fv2%2Fcomments&post=27"}],"version-history":[{"count":20,"href":"https:\/\/advogadosmc.com.br\/index.php?rest_route=\/wp\/v2\/pages\/27\/revisions"}],"predecessor-version":[{"id":552,"href":"https:\/\/advogadosmc.com.br\/index.php?rest_route=\/wp\/v2\/pages\/27\/revisions\/552"}],"wp:attachment":[{"href":"https:\/\/advogadosmc.com.br\/index.php?rest_route=%2Fwp%2Fv2%2Fmedia&parent=27"}],"curies":[{"name":"wp","href":"https:\/\/api.w.org\/{rel}","templated":true}]}}