{"id":30,"date":"2018-09-29T16:22:53","date_gmt":"2018-09-29T19:22:53","guid":{"rendered":"http:\/\/advogadosmc.com.br\/?page_id=30"},"modified":"2024-02-11T03:46:19","modified_gmt":"2024-02-11T06:46:19","slug":"contato-fale-conosco-telefone-e-mail-formulario-endereco-mapa","status":"publish","type":"page","link":"https:\/\/advogadosmc.com.br\/?page_id=30","title":{"rendered":"Contato"},"content":{"rendered":"<p style=\"text-align: center;\"><strong>Consultoria Jur\u00eddica Especializada<\/strong><\/p>\n<p>Preencha o Formul\u00e1rio Abaixo ou Clique em <strong><span style=\"color: #99cc00;\"><a style=\"color: #99cc00;\" href=\"https:\/\/wa.me\/5541996233229\">Whatsapp<\/a><\/span><\/strong> para Agilizar seu Atendimento.&nbsp;<a href=\"https:\/\/wa.me\/5541988131865\"><img data-recalc-dims=\"1\" loading=\"lazy\" decoding=\"async\" class=\"alignnone wp-image-320\" src=\"https:\/\/i0.wp.com\/advogadosmc.com.br\/wp-content\/uploads\/2019\/08\/whatsapp.png?resize=72%2C20\" alt=\"\" width=\"72\" height=\"20\" srcset=\"https:\/\/i0.wp.com\/advogadosmc.com.br\/wp-content\/uploads\/2019\/08\/whatsapp.png?resize=300%2C83&amp;ssl=1 300w, https:\/\/i0.wp.com\/advogadosmc.com.br\/wp-content\/uploads\/2019\/08\/whatsapp.png?resize=768%2C211&amp;ssl=1 768w, https:\/\/i0.wp.com\/advogadosmc.com.br\/wp-content\/uploads\/2019\/08\/whatsapp.png?resize=1024%2C282&amp;ssl=1 1024w, https:\/\/i0.wp.com\/advogadosmc.com.br\/wp-content\/uploads\/2019\/08\/whatsapp.png?w=2000&amp;ssl=1 2000w, https:\/\/i0.wp.com\/advogadosmc.com.br\/wp-content\/uploads\/2019\/08\/whatsapp.png?w=1392 1392w\" sizes=\"auto, (max-width: 72px) 100vw, 72px\" \/><\/a><\/p>\n<p><em>Formul\u00e1rio por E-mail:<\/em><\/p>\n<p>[inbound_forms id=&#8221;55&#8243; name=&#8221;Contato&#8221;]<\/p>\n<p>Endere\u00e7o:<\/p>\n<script type=\"text\/javascript\">window.wgm_config_1 = {\"hide_markers\":false,\"show_center_icon\":false,\"show_distance\":false,\"sort_by_distance\":false,\"distance_unit\":\"miles\",\"placement\":\"inside_map\",\"enable_show_on_map_icon\":false,\"enable_get_direction_icon\":false,\"enable_direction_link\":false,\"enable_modern_direction\":false,\"enable_category_filter\":false,\"category_selection_logic\":\"OR\"};<\/script>            <h1 class='srm_gmap_heading_1 '>\r\n            Local do Escrit\u00f3rio        <\/h1>\r\n    \r\n        <div class=\"wgm-map-listing-container wgm-placement-below_map wgm-map-id-115\" \r\n         style=\"--wgm-map-height: 300px; --wgm-drawer-width: 300px; \">\r\n        \r\n        <div class=\"wgm-map-area\" style=\"width:100%; margin: 0 auto; max-width: 100%;\">\r\n            <!-- Advanced Search Control -->\r\n            <!-- Directions Drawer -->\r\n<div id=\"wgm_direction_drawer_1\" class=\"wgm-direction-drawer\">\r\n        \r\n    <div class=\"wgm-drawer-content\">\r\n    <button type=\"button\" class=\"wgm-drawer-close\" aria-label=\"Close directions\">\r\n        <svg viewBox=\"0 0 24 24\" width=\"24\" height=\"24\"><path fill=\"currentColor\" d=\"M19 6.41L17.59 5 12 10.59 6.41 5 5 6.41 10.59 12 5 17.59 6.41 19 12 13.41 17.59 19 19 17.59 13.41 12 19 6.41z\"><\/path><\/svg>\r\n    <\/button>\r\n    <div class=\"wgm-drawer-header\">\r\n        <h3 class=\"wgm-drawer-title\">Get Directions<\/h3>\r\n    <\/div>\r\n    \r\n    <div class=\"wgm-travel-mode-switcher\">\r\n        <button type=\"button\" class=\"wgm-travel-btn active\" data-mode=\"DRIVING\" title=\"Driving\">\r\n            <svg viewBox=\"0 0 24 24\"><path fill=\"currentColor\" d=\"M18.92 6.01C18.72 5.42 18.16 5 17.5 5h-11c-.66 0-1.21.42-1.42 1.01L3 12v8c0 .55.45 1 1 1h1c.55 0 1-.45 1-1v-1h12v1c0 .55.45 1 1 1h1c.55 0 1-.45 1-1v-8l-2.08-5.99zM6.5 16c-.83 0-1.5-.67-1.5-1.5S5.67 13 6.5 13s1.5.67 1.5 1.5S7.33 16 6.5 16zm11 0c-.83 0-1.5-.67-1.5-1.5s.67-1.5 1.5-1.5 1.5.67 1.5 1.5-.67 1.5-1.5 1.5zM5 11l1.5-4.5h11L19 11H5z\"><\/path><\/svg>\r\n        <\/button>\r\n        <button type=\"button\" class=\"wgm-travel-btn\" data-mode=\"WALKING\" title=\"Walking\">\r\n            <svg viewBox=\"0 0 24 24\"><path fill=\"currentColor\" d=\"M13.5 5.5c1.1 0 2-.9 2-2s-.9-2-2-2-2 .9-2 2 .9 2 2 2zM9.8 8.9L7 23h2.1l1.8-8 2.1 2v6h2v-7.5l-2.1-2 .6-3C14.8 12 16.8 13 19 13v-2c-1.9 0-3.5-1-4.3-2.4l-1-1.6c-.4-.6-1-1-1.7-1-.3 0-.5.1-.8.1L6 8.3V13h2V9.6l1.8-.7\"><\/path><\/svg>\r\n        <\/button>\r\n        <button type=\"button\" class=\"wgm-travel-btn\" data-mode=\"BICYCLING\" title=\"Cycling\">\r\n            <svg viewBox=\"0 0 24 24\"><path fill=\"currentColor\" d=\"M15.5 5.5c1.1 0 2-.9 2-2s-.9-2-2-2-2 .9-2 2 .9 2 2 2zM5 12c-2.8 0-5 2.2-5 5s2.2 5 5 5 5-2.2 5-5-2.2-5-5-5zm0 8.5c-1.9 0-3.5-1.6-3.5-3.5s1.6-3.5 3.5-3.5 3.5 1.6 3.5 3.5-1.6 3.5-3.5 3.5zm19-3.5c0-2.8-2.2-5-5-5s-5 2.2-5 5 2.2 5 5 5 5-2.2 5-5zm-5 3.5c-1.9 0-3.5-1.6-3.5-3.5s1.6-3.5 3.5-3.5 3.5 1.6 3.5 3.5-1.6 3.5-3.5 3.5zm-6.1-5.4l2.7-2.7-1.2-1.2-.2-.2C13.5 8.3 12.3 8 11 8V6h-2v2H7L3.5 11l1.4 1.4L7 10.3V15h2v-4.7l2.1 2.1c.3.3.7.6 1.1.6h2.8l-1.6-1.6h-2.1z\"><\/path><\/svg>\r\n        <\/button>\r\n        <button type=\"button\" class=\"wgm-travel-btn\" data-mode=\"TRANSIT\" title=\"Transit\">\r\n            <svg viewBox=\"0 0 24 24\"><path fill=\"currentColor\" d=\"M12 2c-4.42 0-8 .5-8 4v10c0 .74.19 1.42.5 2.02V20c0 .55.45 1 1 1h1c.55 0 1-.45 1-1v-1h8v1c0 .55.45 1 1 1h1c.55 0 1-.45 1-1v-1.98c.31-.6.5-1.28.5-2.02V6c0-3.5-3.58-4-8-4zM7.5 17c-.83 0-1.5-.67-1.5-1.5S6.67 14 7.5 14s1.5.67 1.5 1.5S8.33 17 7.5 17zm3.5-6H6V6h5v5zm5.5 6c-.83 0-1.5-.67-1.5-1.5s.67-1.5 1.5-1.5 1.5.67 1.5 1.5-.67 1.5-1.5 1.5zm2.5-6h-5V6h5v5z\"><\/path><\/svg>\r\n        <\/button>\r\n    <\/div>\r\n\r\n    <div class=\"wgm-dir-input-group\">\r\n        <div class=\"wgm-dir-field-wrap\">\r\n            <input type=\"text\" id=\"wgm_dir_from_1\" class=\"wgm-dir-input\" placeholder=\"Choose start point...\">\r\n            <button type=\"button\" class=\"wgm-current-loc-btn\" title=\"Use my location\">\r\n                <svg viewBox=\"0 0 24 24\" width=\"20\" height=\"20\"><path fill=\"currentColor\" d=\"M12 8c-2.21 0-4 1.79-4 4s1.79 4 4 4 4-1.79 4-4-1.79-4-4-4zm8.94 3c-.46-4.17-3.77-7.48-7.94-7.94V1h-2v2.06C6.83 3.52 3.52 6.83 3.06 11H1v2h2.06c.46 4.17 3.77 7.48 7.94 7.94V23h2v-2.06c4.17-.46 7.48-3.77 7.94-7.94H23v-2h-2.06zM12 19c-3.87 0-7-3.13-7-7s3.13-7 7-7 7 3.13 7 7-3.13 7-7 7z\"><\/path><\/svg>\r\n            <\/button>\r\n        <\/div>\r\n    <\/div>\r\n    \r\n    <div id=\"wgm_waypoints_container_1\" class=\"wgm-waypoints-container\"><\/div>\r\n\r\n    <div class=\"wgm-dir-input-group\">\r\n        <div class=\"wgm-dir-field-wrap\">\r\n            <input type=\"text\" id=\"wgm_dir_to_1\" class=\"wgm-dir-input\" placeholder=\"Choose destination...\">\r\n            <button type=\"button\" class=\"wgm-current-loc-btn\" title=\"Use my location\">\r\n                <svg viewBox=\"0 0 24 24\" width=\"20\" height=\"20\"><path fill=\"currentColor\" d=\"M12 8c-2.21 0-4 1.79-4 4s1.79 4 4 4 4-1.79 4-4-1.79-4-4-4zm8.94 3c-.46-4.17-3.77-7.48-7.94-7.94V1h-2v2.06C6.83 3.52 3.52 6.83 3.06 11H1v2h2.06c.46 4.17 3.77 7.48 7.94 7.94V23h2v-2.06c4.17-.46 7.48-3.77 7.94-7.94H23v-2h-2.06zM12 19c-3.87 0-7-3.13-7-7s3.13-7 7-7 7 3.13 7 7-3.13 7-7 7z\"><\/path><\/svg>\r\n            <\/button>\r\n        <\/div>\r\n    <\/div>\r\n\r\n    <div class=\"wgm-add-waypoint-trigger\" id=\"wgm_add_waypoint_1\">\r\n            <svg viewBox=\"0 0 24 24\" width=\"16\" height=\"16\"><path fill=\"currentColor\" d=\"M19 13h-6v6h-2v-6H5v-2h6V5h2v6h6v2z\"><\/path><\/svg>\r\n            <span>Add Waypoint<\/span>\r\n    <\/div>\r\n\r\n    <div class=\"wgm_dir_options_wrap\">\r\n        <div class=\"wgm-action-bar\">\r\n            <div class=\"wgm-dir-adv-toggle\">\r\n                <svg viewBox=\"0 0 24 24\" width=\"16\" height=\"16\"><path fill=\"currentColor\" d=\"M3 17v2h6v-2H3zM3 5v2h10V5H3zm10 16v-2h8v-2h-8v-2h-2v6h2zM7 9v2H3v2h4v2h2V9H7zm14 4v-2H11v2h10zm-6-4h2V7h4V5h-4V3h-2v6z\"><\/path><\/svg>\r\n                <span>Route Options<\/span>\r\n            <\/div>\r\n            <button type=\"button\" class=\"wgm-dir-go-btn\">\r\n                <span>Go<\/span>\r\n                <svg viewBox=\"0 0 24 24\" width=\"20\" height=\"20\"><path fill=\"currentColor\" d=\"M12 4l-1.41 1.41L16.17 11H4v2h12.17l-5.58 5.59L12 20l8-8z\"><\/path><\/svg>\r\n            <\/button>\r\n        <\/div>\r\n        \r\n        <div class=\"wgm-dir-adv-options\">\r\n            <label class=\"wgm-adv-opt-item\">\r\n                <input type=\"checkbox\" class=\"wgm-avoid-tolls\"> Avoid Tolls            <\/label>\r\n            <label class=\"wgm-adv-opt-item\">\r\n                <input type=\"checkbox\" class=\"wgm-avoid-highways\"> Avoid Highways            <\/label>\r\n            <label class=\"wgm-adv-opt-item\">\r\n                <input type=\"checkbox\" class=\"wgm-avoid-ferries\"> Avoid Ferries            <\/label>\r\n        <\/div>\r\n    <\/div>\r\n\r\n    <div id=\"wgm_dir_results_1\" class=\"wgm-dir-results-panel\"><\/div>\r\n    <\/div> <!-- End .wgm-drawer-content -->\r\n<\/div>\r\n            \r\n            <div id=\"srm_gmp_embed_1\" class=\"wgm-map-canvas\"\r\n                style=\"width: 100%; height:300px !important;\">\r\n            <\/div>\r\n\r\n                    <\/div>\r\n\r\n        <div id=\"wgm_listing_area_1\" class=\"wgm-listing-area\">\r\n                    <\/div>\r\n    <\/div>\r\n\r\n    <div id=\"wgm-lightbox-overlay_1\" class=\"wgm-lightbox-overlay\">\r\n        <span class=\"wgm-lightbox-close\">&times;<\/span>\r\n        <img class=\"wgm-lightbox-content\" id=\"wgm-lightbox-img_1\">\r\n    <\/div>\r\n\n<p><strong>Reuni\u00f5es S\u00e3o Previamente Agendadas Para Garantir Sigilo, Seguran\u00e7a e Atendimento Personalizado.<\/strong><\/p>\n<p>Centro, Curitiba\/PR | (41) 98813-1865 | (41) 4042-1448 | <a href=\"https:\/\/wa.me\/5541996233229\">(41) 99623-3229<\/a> <a href=\"mailto:atendimento@advogadosmc.com.br\">atendimento@advogadosmc.com.br<\/a> |&nbsp;<\/p>\n<p><a href=\"http:\/\/advogadosmc.com.br\/?page_id=27\">Saiba mais sobre o escrit\u00f3rio.<\/a><\/p>\n<p><a href=\"http:\/\/advogadosmc.com.br\/?p=159\">Conhe\u00e7a Publica\u00e7\u00f5es nos Anais Jur\u00eddicos.<\/a><\/p>\n<p><a href=\"http:\/\/advogadosmc.com.br\/?p=222\">Saiba mais sobre o Panorama Jur\u00eddico.<\/a><\/p>\n<p>Uma Equipe Capacitada para Atender uma gama de especialidades em Direito de Fam\u00edlia, Imobili\u00e1rio, Ambiental, Criminal, Trabalhista, Patronal, Previdenci\u00e1rio, Empresas, Civil, Compliance, Governan\u00e7a Jur\u00eddica e Correspondente Jur\u00eddico Qualificado para outros escrit\u00f3rios.<\/p>\n<p style=\"text-align: left;\"><span style=\"color: #3366ff;\"><em>P\u00e1gina de contato do escrit\u00f3rio Marques da Costa Advogados e Consultoria Jur\u00eddica de Vitor Bruno Marques da Costa, Advogado inscrito na OAB\/PR n\u00ba 94.762 respons\u00e1vel pela Marques da Costa Sociedade Individual de Advocacia &#8211; OAB\/PR n\u00ba 14.373, que cont\u00e9m formul\u00e1rio, e-mail, telefone, whatsapp, mapa de endere\u00e7o e redes sociais.<\/em><\/span><\/p>\n","protected":false},"excerpt":{"rendered":"<p>Consultoria Jur\u00eddica Especializada Preencha o Formul\u00e1rio Abaixo ou Clique em Whatsapp para Agilizar seu Atendimento.&nbsp; Formul\u00e1rio por E-mail: [inbound_forms id=&#8221;55&#8243; name=&#8221;Contato&#8221;] Endere\u00e7o: Reuni\u00f5es S\u00e3o Previamente Agendadas Para Garantir Sigilo, Seguran\u00e7a e Atendimento Personalizado. Centro, Curitiba\/PR | (41) 98813-1865 | (41) 4042-1448 | (41) 99623-3229 atendimento@advogadosmc.com.br |&nbsp; Saiba mais sobre o escrit\u00f3rio. Conhe\u00e7a Publica\u00e7\u00f5es nos Anais<\/p><\/div>\n<div class=\"blog-btn\"><a href=\"https:\/\/advogadosmc.com.br\/?page_id=30\" class=\"home-blog-btn\">Ler mais<\/a><\/p>\n","protected":false},"author":1,"featured_media":0,"parent":0,"menu_order":0,"comment_status":"closed","ping_status":"closed","template":"template\/template-contact.php","meta":{"ngg_post_thumbnail":0,"footnotes":""},"class_list":["post-30","page","type-page","status-publish","hentry"],"yoast_head":"<!-- This site is optimized with the Yoast SEO plugin v27.4 - https:\/\/yoast.com\/product\/yoast-seo-wordpress\/ -->\n<title>Contato - Marques da Costa Advogados mapa endere\u00e7o telefone e-mail formul\u00e1rio<\/title>\n<meta name=\"description\" content=\"Contato Fale Conosco do Escrit\u00f3rio de Advogados de Vitor Bruno Marquees da Costa com Telefone, E-mail, Formul\u00e1rio, Mapa de Endere\u00e7o em Curitiba.\" \/>\n<meta name=\"robots\" content=\"index, follow, max-snippet:-1, max-image-preview:large, max-video-preview:-1\" \/>\n<link rel=\"canonical\" href=\"https:\/\/advogadosmc.com.br\/?page_id=30\" \/>\n<meta property=\"og:locale\" content=\"pt_BR\" \/>\n<meta property=\"og:type\" content=\"article\" \/>\n<meta property=\"og:title\" content=\"Contato - Marques da Costa Advogados mapa endere\u00e7o telefone e-mail formul\u00e1rio\" \/>\n<meta property=\"og:description\" content=\"Contato Fale Conosco do Escrit\u00f3rio de Advogados de Vitor Bruno Marquees da Costa com Telefone, E-mail, Formul\u00e1rio, Mapa de Endere\u00e7o em Curitiba.\" \/>\n<meta property=\"og:url\" content=\"https:\/\/advogadosmc.com.br\/?page_id=30\" \/>\n<meta property=\"og:site_name\" content=\"Marques da Costa Advogados\" \/>\n<meta property=\"article:modified_time\" content=\"2024-02-11T06:46:19+00:00\" \/>\n<meta property=\"og:image\" content=\"http:\/\/advogadosmc.com.br\/wp-content\/uploads\/2019\/08\/whatsapp-300x83.png\" \/>\n<meta name=\"twitter:card\" content=\"summary_large_image\" \/>\n<meta name=\"twitter:label1\" content=\"Est. tempo de leitura\" \/>\n\t<meta name=\"twitter:data1\" content=\"1 minuto\" \/>\n<script type=\"application\/ld+json\" class=\"yoast-schema-graph\">{\"@context\":\"https:\\\/\\\/schema.org\",\"@graph\":[{\"@type\":\"WebPage\",\"@id\":\"https:\\\/\\\/advogadosmc.com.br\\\/?page_id=30\",\"url\":\"https:\\\/\\\/advogadosmc.com.br\\\/?page_id=30\",\"name\":\"Contato - Marques da Costa Advogados mapa endere\u00e7o telefone e-mail formul\u00e1rio\",\"isPartOf\":{\"@id\":\"https:\\\/\\\/advogadosmc.com.br\\\/#website\"},\"primaryImageOfPage\":{\"@id\":\"https:\\\/\\\/advogadosmc.com.br\\\/?page_id=30#primaryimage\"},\"image\":{\"@id\":\"https:\\\/\\\/advogadosmc.com.br\\\/?page_id=30#primaryimage\"},\"thumbnailUrl\":\"http:\\\/\\\/advogadosmc.com.br\\\/wp-content\\\/uploads\\\/2019\\\/08\\\/whatsapp-300x83.png\",\"datePublished\":\"2018-09-29T19:22:53+00:00\",\"dateModified\":\"2024-02-11T06:46:19+00:00\",\"description\":\"Contato Fale Conosco do Escrit\u00f3rio de Advogados de Vitor Bruno Marquees da Costa com Telefone, E-mail, Formul\u00e1rio, Mapa de Endere\u00e7o em Curitiba.\",\"breadcrumb\":{\"@id\":\"https:\\\/\\\/advogadosmc.com.br\\\/?page_id=30#breadcrumb\"},\"inLanguage\":\"pt-BR\",\"potentialAction\":[{\"@type\":\"ReadAction\",\"target\":[\"https:\\\/\\\/advogadosmc.com.br\\\/?page_id=30\"]}]},{\"@type\":\"ImageObject\",\"inLanguage\":\"pt-BR\",\"@id\":\"https:\\\/\\\/advogadosmc.com.br\\\/?page_id=30#primaryimage\",\"url\":\"https:\\\/\\\/i0.wp.com\\\/advogadosmc.com.br\\\/wp-content\\\/uploads\\\/2019\\\/08\\\/whatsapp.png?fit=2000%2C550&ssl=1\",\"contentUrl\":\"https:\\\/\\\/i0.wp.com\\\/advogadosmc.com.br\\\/wp-content\\\/uploads\\\/2019\\\/08\\\/whatsapp.png?fit=2000%2C550&ssl=1\",\"width\":2000,\"height\":550},{\"@type\":\"BreadcrumbList\",\"@id\":\"https:\\\/\\\/advogadosmc.com.br\\\/?page_id=30#breadcrumb\",\"itemListElement\":[{\"@type\":\"ListItem\",\"position\":1,\"name\":\"In\u00edcio\",\"item\":\"https:\\\/\\\/advogadosmc.com.br\\\/\"},{\"@type\":\"ListItem\",\"position\":2,\"name\":\"Contato\"}]},{\"@type\":\"WebSite\",\"@id\":\"https:\\\/\\\/advogadosmc.com.br\\\/#website\",\"url\":\"https:\\\/\\\/advogadosmc.com.br\\\/\",\"name\":\"Marques da Costa Advogados\",\"description\":\"(41) 99623-3229 | 4042-1448 | atendimento@advogadosmc.com.br\",\"publisher\":{\"@id\":\"https:\\\/\\\/advogadosmc.com.br\\\/#\\\/schema\\\/person\\\/fd85bb7cc9e2a96647c1c05c33f00169\"},\"potentialAction\":[{\"@type\":\"SearchAction\",\"target\":{\"@type\":\"EntryPoint\",\"urlTemplate\":\"https:\\\/\\\/advogadosmc.com.br\\\/?s={search_term_string}\"},\"query-input\":{\"@type\":\"PropertyValueSpecification\",\"valueRequired\":true,\"valueName\":\"search_term_string\"}}],\"inLanguage\":\"pt-BR\"},{\"@type\":[\"Person\",\"Organization\"],\"@id\":\"https:\\\/\\\/advogadosmc.com.br\\\/#\\\/schema\\\/person\\\/fd85bb7cc9e2a96647c1c05c33f00169\",\"name\":\"mc\",\"image\":{\"@type\":\"ImageObject\",\"inLanguage\":\"pt-BR\",\"@id\":\"http:\\\/\\\/advogadosmc.com.br\\\/wp-content\\\/uploads\\\/2018\\\/10\\\/Logo-03-1024x655.png\",\"url\":\"http:\\\/\\\/advogadosmc.com.br\\\/wp-content\\\/uploads\\\/2018\\\/10\\\/Logo-03-1024x655.png\",\"contentUrl\":\"http:\\\/\\\/advogadosmc.com.br\\\/wp-content\\\/uploads\\\/2018\\\/10\\\/Logo-03-1024x655.png\",\"width\":1024,\"height\":655,\"caption\":\"mc\"},\"logo\":{\"@id\":\"http:\\\/\\\/advogadosmc.com.br\\\/wp-content\\\/uploads\\\/2018\\\/10\\\/Logo-03-1024x655.png\"}}]}<\/script>\n<!-- \/ Yoast SEO plugin. -->","yoast_head_json":{"title":"Contato - Marques da Costa Advogados mapa endere\u00e7o telefone e-mail formul\u00e1rio","description":"Contato Fale Conosco do Escrit\u00f3rio de Advogados de Vitor Bruno Marquees da Costa com Telefone, E-mail, Formul\u00e1rio, Mapa de Endere\u00e7o em Curitiba.","robots":{"index":"index","follow":"follow","max-snippet":"max-snippet:-1","max-image-preview":"max-image-preview:large","max-video-preview":"max-video-preview:-1"},"canonical":"https:\/\/advogadosmc.com.br\/?page_id=30","og_locale":"pt_BR","og_type":"article","og_title":"Contato - Marques da Costa Advogados mapa endere\u00e7o telefone e-mail formul\u00e1rio","og_description":"Contato Fale Conosco do Escrit\u00f3rio de Advogados de Vitor Bruno Marquees da Costa com Telefone, E-mail, Formul\u00e1rio, Mapa de Endere\u00e7o em Curitiba.","og_url":"https:\/\/advogadosmc.com.br\/?page_id=30","og_site_name":"Marques da Costa Advogados","article_modified_time":"2024-02-11T06:46:19+00:00","og_image":[{"url":"http:\/\/advogadosmc.com.br\/wp-content\/uploads\/2019\/08\/whatsapp-300x83.png","type":"","width":"","height":""}],"twitter_card":"summary_large_image","twitter_misc":{"Est. tempo de leitura":"1 minuto"},"schema":{"@context":"https:\/\/schema.org","@graph":[{"@type":"WebPage","@id":"https:\/\/advogadosmc.com.br\/?page_id=30","url":"https:\/\/advogadosmc.com.br\/?page_id=30","name":"Contato - Marques da Costa Advogados mapa endere\u00e7o telefone e-mail formul\u00e1rio","isPartOf":{"@id":"https:\/\/advogadosmc.com.br\/#website"},"primaryImageOfPage":{"@id":"https:\/\/advogadosmc.com.br\/?page_id=30#primaryimage"},"image":{"@id":"https:\/\/advogadosmc.com.br\/?page_id=30#primaryimage"},"thumbnailUrl":"http:\/\/advogadosmc.com.br\/wp-content\/uploads\/2019\/08\/whatsapp-300x83.png","datePublished":"2018-09-29T19:22:53+00:00","dateModified":"2024-02-11T06:46:19+00:00","description":"Contato Fale Conosco do Escrit\u00f3rio de Advogados de Vitor Bruno Marquees da Costa com Telefone, E-mail, Formul\u00e1rio, Mapa de Endere\u00e7o em Curitiba.","breadcrumb":{"@id":"https:\/\/advogadosmc.com.br\/?page_id=30#breadcrumb"},"inLanguage":"pt-BR","potentialAction":[{"@type":"ReadAction","target":["https:\/\/advogadosmc.com.br\/?page_id=30"]}]},{"@type":"ImageObject","inLanguage":"pt-BR","@id":"https:\/\/advogadosmc.com.br\/?page_id=30#primaryimage","url":"https:\/\/i0.wp.com\/advogadosmc.com.br\/wp-content\/uploads\/2019\/08\/whatsapp.png?fit=2000%2C550&ssl=1","contentUrl":"https:\/\/i0.wp.com\/advogadosmc.com.br\/wp-content\/uploads\/2019\/08\/whatsapp.png?fit=2000%2C550&ssl=1","width":2000,"height":550},{"@type":"BreadcrumbList","@id":"https:\/\/advogadosmc.com.br\/?page_id=30#breadcrumb","itemListElement":[{"@type":"ListItem","position":1,"name":"In\u00edcio","item":"https:\/\/advogadosmc.com.br\/"},{"@type":"ListItem","position":2,"name":"Contato"}]},{"@type":"WebSite","@id":"https:\/\/advogadosmc.com.br\/#website","url":"https:\/\/advogadosmc.com.br\/","name":"Marques da Costa Advogados","description":"(41) 99623-3229 | 4042-1448 | atendimento@advogadosmc.com.br","publisher":{"@id":"https:\/\/advogadosmc.com.br\/#\/schema\/person\/fd85bb7cc9e2a96647c1c05c33f00169"},"potentialAction":[{"@type":"SearchAction","target":{"@type":"EntryPoint","urlTemplate":"https:\/\/advogadosmc.com.br\/?s={search_term_string}"},"query-input":{"@type":"PropertyValueSpecification","valueRequired":true,"valueName":"search_term_string"}}],"inLanguage":"pt-BR"},{"@type":["Person","Organization"],"@id":"https:\/\/advogadosmc.com.br\/#\/schema\/person\/fd85bb7cc9e2a96647c1c05c33f00169","name":"mc","image":{"@type":"ImageObject","inLanguage":"pt-BR","@id":"http:\/\/advogadosmc.com.br\/wp-content\/uploads\/2018\/10\/Logo-03-1024x655.png","url":"http:\/\/advogadosmc.com.br\/wp-content\/uploads\/2018\/10\/Logo-03-1024x655.png","contentUrl":"http:\/\/advogadosmc.com.br\/wp-content\/uploads\/2018\/10\/Logo-03-1024x655.png","width":1024,"height":655,"caption":"mc"},"logo":{"@id":"http:\/\/advogadosmc.com.br\/wp-content\/uploads\/2018\/10\/Logo-03-1024x655.png"}}]}},"jetpack_sharing_enabled":true,"jetpack_likes_enabled":true,"_links":{"self":[{"href":"https:\/\/advogadosmc.com.br\/index.php?rest_route=\/wp\/v2\/pages\/30","targetHints":{"allow":["GET"]}}],"collection":[{"href":"https:\/\/advogadosmc.com.br\/index.php?rest_route=\/wp\/v2\/pages"}],"about":[{"href":"https:\/\/advogadosmc.com.br\/index.php?rest_route=\/wp\/v2\/types\/page"}],"author":[{"embeddable":true,"href":"https:\/\/advogadosmc.com.br\/index.php?rest_route=\/wp\/v2\/users\/1"}],"replies":[{"embeddable":true,"href":"https:\/\/advogadosmc.com.br\/index.php?rest_route=%2Fwp%2Fv2%2Fcomments&post=30"}],"version-history":[{"count":28,"href":"https:\/\/advogadosmc.com.br\/index.php?rest_route=\/wp\/v2\/pages\/30\/revisions"}],"predecessor-version":[{"id":662,"href":"https:\/\/advogadosmc.com.br\/index.php?rest_route=\/wp\/v2\/pages\/30\/revisions\/662"}],"wp:attachment":[{"href":"https:\/\/advogadosmc.com.br\/index.php?rest_route=%2Fwp%2Fv2%2Fmedia&parent=30"}],"curies":[{"name":"wp","href":"https:\/\/api.w.org\/{rel}","templated":true}]}}